{"id":277,"date":"2020-01-13T14:46:14","date_gmt":"2020-01-13T14:46:14","guid":{"rendered":"http:\/\/accelerate-free-lifestyle.qsandbox.com\/?page_id=277"},"modified":"2024-12-27T00:48:42","modified_gmt":"2024-12-26T21:48:42","slug":"hali-yikama-2","status":"publish","type":"page","link":"https:\/\/xn--eskiehirhaliyikama-gqd.com\/","title":{"rendered":"Ana Sayfa"},"content":{"rendered":"\n<div class=\"wp-block-columns is-layout-flex wp-container-core-columns-is-layout-1 wp-block-columns-is-layout-flex\">\n<div class=\"wp-block-column is-layout-flow wp-block-column-is-layout-flow\">\n<p><img loading=\"lazy\" decoding=\"async\" class=\"alignnone size-medium wp-image-829\" src=\"http:\/\/xn--eskiehirhaliyikama-gqd.com\/wp-content\/uploads\/2023\/12\/38af71e5-8f15-45c5-b6db-f8e8a93ec4dd-295x300.jpg\" alt=\"\" width=\"295\" height=\"300\" srcset=\"https:\/\/xn--eskiehirhaliyikama-gqd.com\/wp-content\/uploads\/2023\/12\/38af71e5-8f15-45c5-b6db-f8e8a93ec4dd-295x300.jpg 295w, https:\/\/xn--eskiehirhaliyikama-gqd.com\/wp-content\/uploads\/2023\/12\/38af71e5-8f15-45c5-b6db-f8e8a93ec4dd-1008x1024.jpg 1008w, https:\/\/xn--eskiehirhaliyikama-gqd.com\/wp-content\/uploads\/2023\/12\/38af71e5-8f15-45c5-b6db-f8e8a93ec4dd-768x780.jpg 768w, https:\/\/xn--eskiehirhaliyikama-gqd.com\/wp-content\/uploads\/2023\/12\/38af71e5-8f15-45c5-b6db-f8e8a93ec4dd.jpg 1418w\" sizes=\"auto, (max-width: 295px) 100vw, 295px\" \/><\/p>\n<\/div>\n\n\n\n<div class=\"wp-block-column is-layout-flow wp-block-column-is-layout-flow\">\n<blockquote>\n<p>1000 m2 ve 2 katli alanda ger\u00e7ek anlamda fabrikasyon sistemiyle hizmet vermekteyiz. 2007 y\u0131l\u0131nda Eski\u015fehir&#8217;de kurulmu\u015f olan firmam\u0131z \u00e7e\u015fitli alanlarda hizmet verdikten sonra 2015 y\u0131l\u0131nda hal\u0131 y\u0131kama sekt\u00f6r\u00fcnde de hizmete ba\u015flad\u0131. Hal\u0131 temizli\u011fi konusunda Eski\u015fehir&#8217;de kaliteli hizmet vermek amac\u0131yla tam donan\u0131ml\u0131 y\u0131kama, s\u0131kma ve kurutma sistemleriyle faaliyete ge\u00e7en i\u015fletmemiz, alan\u0131nda en iyisi olmak anlay\u0131\u015f\u0131n\u0131 benimsemektedir.<\/p>\n<\/blockquote>\n<\/div>\n<\/div>\n\n\n\n<div class=\"wp-block-group\"><div class=\"wp-block-group__inner-container is-layout-constrained wp-block-group-is-layout-constrained\">\n<div class=\"wp-block-columns is-layout-flex wp-container-core-columns-is-layout-2 wp-block-columns-is-layout-flex\">\n<div class=\"wp-block-column is-layout-flow wp-block-column-is-layout-flow\"><\/div>\n<\/div>\n<\/div><\/div>\n\n\n\n<div class=\"wp-block-columns is-layout-flex wp-container-core-columns-is-layout-4 wp-block-columns-is-layout-flex\">\n<div class=\"wp-block-column is-layout-flow wp-block-column-is-layout-flow\" style=\"flex-basis:100%\">\n<div class=\"wp-block-group is-nowrap is-layout-flex wp-container-core-group-is-layout-2 wp-block-group-is-layout-flex\">\n<h4 class=\"wp-block-heading\"><mark style=\"background-color:rgba(0, 0, 0, 0)\" class=\"has-inline-color has-vivid-red-color\">Hizmetlerimiz \u0130\u00e7in Bizimle \u0130leti\u015fime Ge\u00e7in!<\/mark><\/h4>\n\n\n\n<div class=\"wp-block-columns is-layout-flex wp-container-core-columns-is-layout-3 wp-block-columns-is-layout-flex\">\n<div class=\"wp-block-column is-layout-flow wp-block-column-is-layout-flow\">\n<h3><strong><span style=\"color: #333399;\">05431579289<\/span><\/strong><\/h3>\n<\/div>\n<\/div>\n<\/div>\n<\/div>\n<\/div>\n\n\n\n<div class=\"wp-block-columns is-layout-flex wp-container-core-columns-is-layout-5 wp-block-columns-is-layout-flex\">\n<div class=\"wp-block-column is-vertically-aligned-center is-layout-flow wp-block-column-is-layout-flow\"><\/div>\n<\/div>\n\n\n\n<figure class=\"wp-block-image\"><img loading=\"lazy\" decoding=\"async\" width=\"960\" height=\"540\" src=\"https:\/\/xn--eskiehirhaliyikama-gqd.com\/wp-content\/uploads\/2023\/12\/47c1e249-a04f-4343-94e5-f5ea148668e8.jpg\" alt=\"\" class=\"wp-image-818\" srcset=\"https:\/\/xn--eskiehirhaliyikama-gqd.com\/wp-content\/uploads\/2023\/12\/47c1e249-a04f-4343-94e5-f5ea148668e8.jpg 960w, https:\/\/xn--eskiehirhaliyikama-gqd.com\/wp-content\/uploads\/2023\/12\/47c1e249-a04f-4343-94e5-f5ea148668e8-300x169.jpg 300w, https:\/\/xn--eskiehirhaliyikama-gqd.com\/wp-content\/uploads\/2023\/12\/47c1e249-a04f-4343-94e5-f5ea148668e8-768x432.jpg 768w\" sizes=\"auto, (max-width: 706px) 89vw, (max-width: 767px) 82vw, 740px\" \/><\/figure>\n\n\n\n<figure class=\"wp-block-image\"><img loading=\"lazy\" decoding=\"async\" width=\"1080\" height=\"1080\" src=\"https:\/\/xn--eskiehirhaliyikama-gqd.com\/wp-content\/uploads\/2023\/12\/b2e38f5d-bcc3-4b4a-a8ab-f009aa9d2b14.jpg\" alt=\"\" class=\"wp-image-816\" srcset=\"https:\/\/xn--eskiehirhaliyikama-gqd.com\/wp-content\/uploads\/2023\/12\/b2e38f5d-bcc3-4b4a-a8ab-f009aa9d2b14.jpg 1080w, https:\/\/xn--eskiehirhaliyikama-gqd.com\/wp-content\/uploads\/2023\/12\/b2e38f5d-bcc3-4b4a-a8ab-f009aa9d2b14-300x300.jpg 300w, https:\/\/xn--eskiehirhaliyikama-gqd.com\/wp-content\/uploads\/2023\/12\/b2e38f5d-bcc3-4b4a-a8ab-f009aa9d2b14-1024x1024.jpg 1024w, https:\/\/xn--eskiehirhaliyikama-gqd.com\/wp-content\/uploads\/2023\/12\/b2e38f5d-bcc3-4b4a-a8ab-f009aa9d2b14-150x150.jpg 150w, https:\/\/xn--eskiehirhaliyikama-gqd.com\/wp-content\/uploads\/2023\/12\/b2e38f5d-bcc3-4b4a-a8ab-f009aa9d2b14-768x768.jpg 768w\" sizes=\"auto, (max-width: 706px) 89vw, (max-width: 767px) 82vw, 740px\" \/><\/figure>\n\n\n\n<figure class=\"wp-block-image\"><img loading=\"lazy\" decoding=\"async\" width=\"924\" height=\"2000\" src=\"https:\/\/xn--eskiehirhaliyikama-gqd.com\/wp-content\/uploads\/2023\/12\/940340da-33cd-409b-bec0-648ee2938114.jpg\" alt=\"\" class=\"wp-image-826\" srcset=\"https:\/\/xn--eskiehirhaliyikama-gqd.com\/wp-content\/uploads\/2023\/12\/940340da-33cd-409b-bec0-648ee2938114.jpg 924w, https:\/\/xn--eskiehirhaliyikama-gqd.com\/wp-content\/uploads\/2023\/12\/940340da-33cd-409b-bec0-648ee2938114-139x300.jpg 139w, https:\/\/xn--eskiehirhaliyikama-gqd.com\/wp-content\/uploads\/2023\/12\/940340da-33cd-409b-bec0-648ee2938114-473x1024.jpg 473w, https:\/\/xn--eskiehirhaliyikama-gqd.com\/wp-content\/uploads\/2023\/12\/940340da-33cd-409b-bec0-648ee2938114-768x1662.jpg 768w, https:\/\/xn--eskiehirhaliyikama-gqd.com\/wp-content\/uploads\/2023\/12\/940340da-33cd-409b-bec0-648ee2938114-710x1536.jpg 710w\" sizes=\"auto, (max-width: 706px) 89vw, (max-width: 767px) 82vw, 740px\" \/><\/figure>\n","protected":false},"excerpt":{"rendered":"<p>1000 m2 ve 2 katli alanda ger\u00e7ek anlamda fabrikasyon sistemiyle hizmet vermekteyiz. 2007 y\u0131l\u0131nda Eski\u015fehir&#8217;de kurulmu\u015f olan firmam\u0131z \u00e7e\u015fitli alanlarda hizmet verdikten sonra 2015 y\u0131l\u0131nda hal\u0131 y\u0131kama sekt\u00f6r\u00fcnde de hizmete ba\u015flad\u0131. Hal\u0131 temizli\u011fi konusunda Eski\u015fehir&#8217;de kaliteli hizmet vermek amac\u0131yla tam donan\u0131ml\u0131 y\u0131kama, s\u0131kma ve kurutma sistemleriyle faaliyete ge\u00e7en i\u015fletmemiz, alan\u0131nda en iyisi olmak anlay\u0131\u015f\u0131n\u0131 benimsemektedir. &hellip; <\/p>\n<p class=\"link-more\"><a href=\"https:\/\/xn--eskiehirhaliyikama-gqd.com\/\" class=\"more-link\">Okumaya devam et<span class=\"screen-reader-text\"> &#8220;Ana Sayfa&#8221;<\/span><\/a><\/p>\n","protected":false},"author":1,"featured_media":0,"parent":0,"menu_order":0,"comment_status":"closed","ping_status":"closed","template":"","meta":{"footnotes":""},"class_list":["post-277","page","type-page","status-publish","hentry"],"yoast_head":"<!-- This site is optimized with the Yoast SEO plugin v24.1 - https:\/\/yoast.com\/wordpress\/plugins\/seo\/ -->\n<title>Ana Sayfa - G\u00d6KHAN BEY HALI YIKAMA<\/title>\n<meta name=\"description\" content=\"Eski\u015fehir hali y\u0131kama,hali y\u0131kama Eski\u015fehir,hal\u0131 y\u0131kama Eski\u015fehir,hal\u0131 y\u0131kama fiyatlar\u0131, Eski\u015fehir de hali yikama\" \/>\n<meta name=\"robots\" content=\"index, follow, max-snippet:-1, max-image-preview:large, max-video-preview:-1\" \/>\n<link rel=\"canonical\" href=\"https:\/\/xn--eskiehirhaliyikama-gqd.com\/\" \/>\n<meta property=\"og:locale\" content=\"tr_TR\" \/>\n<meta property=\"og:type\" content=\"article\" \/>\n<meta property=\"og:title\" content=\"Ana Sayfa - G\u00d6KHAN BEY HALI YIKAMA\" \/>\n<meta property=\"og:description\" content=\"Eski\u015fehir hali y\u0131kama,hali y\u0131kama Eski\u015fehir,hal\u0131 y\u0131kama Eski\u015fehir,hal\u0131 y\u0131kama fiyatlar\u0131, Eski\u015fehir de hali yikama\" \/>\n<meta property=\"og:url\" content=\"https:\/\/xn--eskiehirhaliyikama-gqd.com\/\" \/>\n<meta property=\"og:site_name\" content=\"G\u00d6KHAN BEY HALI YIKAMA\" \/>\n<meta property=\"article:modified_time\" content=\"2024-12-26T21:48:42+00:00\" \/>\n<meta property=\"og:image\" content=\"http:\/\/xn--eskiehirhaliyikama-gqd.com\/wp-content\/uploads\/2023\/12\/38af71e5-8f15-45c5-b6db-f8e8a93ec4dd-295x300.jpg\" \/>\n<meta name=\"twitter:card\" content=\"summary_large_image\" \/>\n<meta name=\"twitter:label1\" content=\"Tahmini okuma s\u00fcresi\" \/>\n\t<meta name=\"twitter:data1\" content=\"1 dakika\" \/>\n<script type=\"application\/ld+json\" class=\"yoast-schema-graph\">{\"@context\":\"https:\/\/schema.org\",\"@graph\":[{\"@type\":\"WebPage\",\"@id\":\"https:\/\/xn--eskiehirhaliyikama-gqd.com\/\",\"url\":\"https:\/\/xn--eskiehirhaliyikama-gqd.com\/\",\"name\":\"Ana Sayfa - G\u00d6KHAN BEY HALI YIKAMA\",\"isPartOf\":{\"@id\":\"https:\/\/xn--eskiehirhaliyikama-gqd.com\/#website\"},\"primaryImageOfPage\":{\"@id\":\"https:\/\/xn--eskiehirhaliyikama-gqd.com\/#primaryimage\"},\"image\":{\"@id\":\"https:\/\/xn--eskiehirhaliyikama-gqd.com\/#primaryimage\"},\"thumbnailUrl\":\"http:\/\/xn--eskiehirhaliyikama-gqd.com\/wp-content\/uploads\/2023\/12\/38af71e5-8f15-45c5-b6db-f8e8a93ec4dd-295x300.jpg\",\"datePublished\":\"2020-01-13T14:46:14+00:00\",\"dateModified\":\"2024-12-26T21:48:42+00:00\",\"description\":\"Eski\u015fehir hali y\u0131kama,hali y\u0131kama Eski\u015fehir,hal\u0131 y\u0131kama Eski\u015fehir,hal\u0131 y\u0131kama fiyatlar\u0131, Eski\u015fehir de hali yikama\",\"breadcrumb\":{\"@id\":\"https:\/\/xn--eskiehirhaliyikama-gqd.com\/#breadcrumb\"},\"inLanguage\":\"tr\",\"potentialAction\":[{\"@type\":\"ReadAction\",\"target\":[\"https:\/\/xn--eskiehirhaliyikama-gqd.com\/\"]}]},{\"@type\":\"ImageObject\",\"inLanguage\":\"tr\",\"@id\":\"https:\/\/xn--eskiehirhaliyikama-gqd.com\/#primaryimage\",\"url\":\"https:\/\/xn--eskiehirhaliyikama-gqd.com\/wp-content\/uploads\/2023\/12\/38af71e5-8f15-45c5-b6db-f8e8a93ec4dd.jpg\",\"contentUrl\":\"https:\/\/xn--eskiehirhaliyikama-gqd.com\/wp-content\/uploads\/2023\/12\/38af71e5-8f15-45c5-b6db-f8e8a93ec4dd.jpg\",\"width\":1418,\"height\":1440},{\"@type\":\"BreadcrumbList\",\"@id\":\"https:\/\/xn--eskiehirhaliyikama-gqd.com\/#breadcrumb\",\"itemListElement\":[{\"@type\":\"ListItem\",\"position\":1,\"name\":\"Anasayfa\",\"item\":\"https:\/\/xn--eskiehirhaliyikama-gqd.com\/\"},{\"@type\":\"ListItem\",\"position\":2,\"name\":\"Ana Sayfa\"}]},{\"@type\":\"WebSite\",\"@id\":\"https:\/\/xn--eskiehirhaliyikama-gqd.com\/#website\",\"url\":\"https:\/\/xn--eskiehirhaliyikama-gqd.com\/\",\"name\":\"G\u00d6KHAN BEY HALI YIKAMA\",\"description\":\"eskisehirhaliyikama.com\",\"publisher\":{\"@id\":\"https:\/\/xn--eskiehirhaliyikama-gqd.com\/#organization\"},\"potentialAction\":[{\"@type\":\"SearchAction\",\"target\":{\"@type\":\"EntryPoint\",\"urlTemplate\":\"https:\/\/xn--eskiehirhaliyikama-gqd.com\/?s={search_term_string}\"},\"query-input\":{\"@type\":\"PropertyValueSpecification\",\"valueRequired\":true,\"valueName\":\"search_term_string\"}}],\"inLanguage\":\"tr\"},{\"@type\":\"Organization\",\"@id\":\"https:\/\/xn--eskiehirhaliyikama-gqd.com\/#organization\",\"name\":\"G\u00d6KHAN BEY HALI YIKAMA\",\"url\":\"https:\/\/xn--eskiehirhaliyikama-gqd.com\/\",\"logo\":{\"@type\":\"ImageObject\",\"inLanguage\":\"tr\",\"@id\":\"https:\/\/xn--eskiehirhaliyikama-gqd.com\/#\/schema\/logo\/image\/\",\"url\":\"https:\/\/xn--eskiehirhaliyikama-gqd.com\/wp-content\/uploads\/2024\/12\/cropped-IMG_20241227_012849.jpg\",\"contentUrl\":\"https:\/\/xn--eskiehirhaliyikama-gqd.com\/wp-content\/uploads\/2024\/12\/cropped-IMG_20241227_012849.jpg\",\"width\":349,\"height\":250,\"caption\":\"G\u00d6KHAN BEY HALI YIKAMA\"},\"image\":{\"@id\":\"https:\/\/xn--eskiehirhaliyikama-gqd.com\/#\/schema\/logo\/image\/\"}}]}<\/script>\n<!-- \/ Yoast SEO plugin. -->","yoast_head_json":{"title":"Ana Sayfa - G\u00d6KHAN BEY HALI YIKAMA","description":"Eski\u015fehir hali y\u0131kama,hali y\u0131kama Eski\u015fehir,hal\u0131 y\u0131kama Eski\u015fehir,hal\u0131 y\u0131kama fiyatlar\u0131, Eski\u015fehir de hali yikama","robots":{"index":"index","follow":"follow","max-snippet":"max-snippet:-1","max-image-preview":"max-image-preview:large","max-video-preview":"max-video-preview:-1"},"canonical":"https:\/\/xn--eskiehirhaliyikama-gqd.com\/","og_locale":"tr_TR","og_type":"article","og_title":"Ana Sayfa - G\u00d6KHAN BEY HALI YIKAMA","og_description":"Eski\u015fehir hali y\u0131kama,hali y\u0131kama Eski\u015fehir,hal\u0131 y\u0131kama Eski\u015fehir,hal\u0131 y\u0131kama fiyatlar\u0131, Eski\u015fehir de hali yikama","og_url":"https:\/\/xn--eskiehirhaliyikama-gqd.com\/","og_site_name":"G\u00d6KHAN BEY HALI YIKAMA","article_modified_time":"2024-12-26T21:48:42+00:00","og_image":[{"url":"http:\/\/xn--eskiehirhaliyikama-gqd.com\/wp-content\/uploads\/2023\/12\/38af71e5-8f15-45c5-b6db-f8e8a93ec4dd-295x300.jpg","type":"","width":"","height":""}],"twitter_card":"summary_large_image","twitter_misc":{"Tahmini okuma s\u00fcresi":"1 dakika"},"schema":{"@context":"https:\/\/schema.org","@graph":[{"@type":"WebPage","@id":"https:\/\/xn--eskiehirhaliyikama-gqd.com\/","url":"https:\/\/xn--eskiehirhaliyikama-gqd.com\/","name":"Ana Sayfa - G\u00d6KHAN BEY HALI YIKAMA","isPartOf":{"@id":"https:\/\/xn--eskiehirhaliyikama-gqd.com\/#website"},"primaryImageOfPage":{"@id":"https:\/\/xn--eskiehirhaliyikama-gqd.com\/#primaryimage"},"image":{"@id":"https:\/\/xn--eskiehirhaliyikama-gqd.com\/#primaryimage"},"thumbnailUrl":"http:\/\/xn--eskiehirhaliyikama-gqd.com\/wp-content\/uploads\/2023\/12\/38af71e5-8f15-45c5-b6db-f8e8a93ec4dd-295x300.jpg","datePublished":"2020-01-13T14:46:14+00:00","dateModified":"2024-12-26T21:48:42+00:00","description":"Eski\u015fehir hali y\u0131kama,hali y\u0131kama Eski\u015fehir,hal\u0131 y\u0131kama Eski\u015fehir,hal\u0131 y\u0131kama fiyatlar\u0131, Eski\u015fehir de hali yikama","breadcrumb":{"@id":"https:\/\/xn--eskiehirhaliyikama-gqd.com\/#breadcrumb"},"inLanguage":"tr","potentialAction":[{"@type":"ReadAction","target":["https:\/\/xn--eskiehirhaliyikama-gqd.com\/"]}]},{"@type":"ImageObject","inLanguage":"tr","@id":"https:\/\/xn--eskiehirhaliyikama-gqd.com\/#primaryimage","url":"https:\/\/xn--eskiehirhaliyikama-gqd.com\/wp-content\/uploads\/2023\/12\/38af71e5-8f15-45c5-b6db-f8e8a93ec4dd.jpg","contentUrl":"https:\/\/xn--eskiehirhaliyikama-gqd.com\/wp-content\/uploads\/2023\/12\/38af71e5-8f15-45c5-b6db-f8e8a93ec4dd.jpg","width":1418,"height":1440},{"@type":"BreadcrumbList","@id":"https:\/\/xn--eskiehirhaliyikama-gqd.com\/#breadcrumb","itemListElement":[{"@type":"ListItem","position":1,"name":"Anasayfa","item":"https:\/\/xn--eskiehirhaliyikama-gqd.com\/"},{"@type":"ListItem","position":2,"name":"Ana Sayfa"}]},{"@type":"WebSite","@id":"https:\/\/xn--eskiehirhaliyikama-gqd.com\/#website","url":"https:\/\/xn--eskiehirhaliyikama-gqd.com\/","name":"G\u00d6KHAN BEY HALI YIKAMA","description":"eskisehirhaliyikama.com","publisher":{"@id":"https:\/\/xn--eskiehirhaliyikama-gqd.com\/#organization"},"potentialAction":[{"@type":"SearchAction","target":{"@type":"EntryPoint","urlTemplate":"https:\/\/xn--eskiehirhaliyikama-gqd.com\/?s={search_term_string}"},"query-input":{"@type":"PropertyValueSpecification","valueRequired":true,"valueName":"search_term_string"}}],"inLanguage":"tr"},{"@type":"Organization","@id":"https:\/\/xn--eskiehirhaliyikama-gqd.com\/#organization","name":"G\u00d6KHAN BEY HALI YIKAMA","url":"https:\/\/xn--eskiehirhaliyikama-gqd.com\/","logo":{"@type":"ImageObject","inLanguage":"tr","@id":"https:\/\/xn--eskiehirhaliyikama-gqd.com\/#\/schema\/logo\/image\/","url":"https:\/\/xn--eskiehirhaliyikama-gqd.com\/wp-content\/uploads\/2024\/12\/cropped-IMG_20241227_012849.jpg","contentUrl":"https:\/\/xn--eskiehirhaliyikama-gqd.com\/wp-content\/uploads\/2024\/12\/cropped-IMG_20241227_012849.jpg","width":349,"height":250,"caption":"G\u00d6KHAN BEY HALI YIKAMA"},"image":{"@id":"https:\/\/xn--eskiehirhaliyikama-gqd.com\/#\/schema\/logo\/image\/"}}]}},"_links":{"self":[{"href":"https:\/\/xn--eskiehirhaliyikama-gqd.com\/index.php?rest_route=\/wp\/v2\/pages\/277","targetHints":{"allow":["GET"]}}],"collection":[{"href":"https:\/\/xn--eskiehirhaliyikama-gqd.com\/index.php?rest_route=\/wp\/v2\/pages"}],"about":[{"href":"https:\/\/xn--eskiehirhaliyikama-gqd.com\/index.php?rest_route=\/wp\/v2\/types\/page"}],"author":[{"embeddable":true,"href":"https:\/\/xn--eskiehirhaliyikama-gqd.com\/index.php?rest_route=\/wp\/v2\/users\/1"}],"replies":[{"embeddable":true,"href":"https:\/\/xn--eskiehirhaliyikama-gqd.com\/index.php?rest_route=%2Fwp%2Fv2%2Fcomments&post=277"}],"version-history":[{"count":21,"href":"https:\/\/xn--eskiehirhaliyikama-gqd.com\/index.php?rest_route=\/wp\/v2\/pages\/277\/revisions"}],"predecessor-version":[{"id":956,"href":"https:\/\/xn--eskiehirhaliyikama-gqd.com\/index.php?rest_route=\/wp\/v2\/pages\/277\/revisions\/956"}],"wp:attachment":[{"href":"https:\/\/xn--eskiehirhaliyikama-gqd.com\/index.php?rest_route=%2Fwp%2Fv2%2Fmedia&parent=277"}],"curies":[{"name":"wp","href":"https:\/\/api.w.org\/{rel}","templated":true}]}}