{"id":640,"date":"2023-12-09T18:33:48","date_gmt":"2023-12-09T15:33:48","guid":{"rendered":"http:\/\/eskisehirhanimelihaliyikama.com\/?page_id=640"},"modified":"2024-12-23T23:14:07","modified_gmt":"2024-12-23T20:14:07","slug":"hizmetlerimiz-2","status":"publish","type":"page","link":"https:\/\/xn--eskiehirhaliyikama-gqd.com\/?page_id=640","title":{"rendered":"Hizmetlerimiz"},"content":{"rendered":"\n<div class=\"wp-block-columns is-layout-flex wp-container-core-columns-is-layout-1 wp-block-columns-is-layout-flex\">\n<div class=\"wp-block-column is-vertically-aligned-stretch is-layout-flow wp-block-column-is-layout-flow\">\n<p class=\"has-text-align-center\"><strong><em><mark style=\"background-color:rgba(0, 0, 0, 0)\" class=\"has-inline-color has-vivid-red-color\">Yorgan Y\u0131kama<\/mark><\/em><\/strong><\/p>\n\n\n\n<blockquote>\n<p>K\u0131\u015f aylar\u0131n\u0131n gelmesi ile birlikte kad\u0131nlar\u0131 b\u00fcy\u00fck bir temizlik tela\u015f\u0131 sarmaktad\u0131r. Bu tela\u015f aras\u0131nda en \u00e7ok \u00f6nem verilen ise hi\u00e7 \u015f\u00fcphesiz ki yorganlar\u0131n temizlenmesi ve k\u0131\u015f i\u00e7in haz\u0131r olmas\u0131d\u0131r.<\/p>\n<\/blockquote>\n\n\n\n<div class=\"wp-block-buttons alignfull is-content-justification-center is-layout-flex wp-container-core-buttons-is-layout-1 wp-block-buttons-is-layout-flex\">\n<div class=\"wp-block-button is-style-fill\"><a class=\"wp-block-button__link wp-element-button\" href=\"https:\/\/xn--eskiehirhaliyikama-gqd.com\/?p=757\">Devam\u0131n\u0131 Oku<\/a><\/div>\n<\/div>\n<\/div>\n\n\n\n<div class=\"wp-block-column is-layout-flow wp-block-column-is-layout-flow\">\n<p class=\"has-text-align-center\"><strong><em><mark style=\"background-color:rgba(0, 0, 0, 0)\" class=\"has-inline-color has-vivid-red-color\">Yatak Y\u0131kama<\/mark><\/em><\/strong><\/p>\n\n\n\n<blockquote>\n<p>Ki\u015filerin kaliteli ve rahat bir hayat s\u00fcrebilmeleri i\u00e7in kulland\u0131klar\u0131 yataklara b\u00fcy\u00fck bir \u00f6nem vermeleri gerekmektedir.<\/p>\n<\/blockquote>\n\n\n\n<div class=\"wp-block-buttons alignfull is-content-justification-center is-layout-flex wp-container-core-buttons-is-layout-2 wp-block-buttons-is-layout-flex\">\n<div class=\"wp-block-button is-style-fill\"><a class=\"wp-block-button__link wp-element-button\" href=\"https:\/\/xn--eskiehirhaliyikama-gqd.com\/?p=757\">Devam\u0131n\u0131 Oku<\/a><\/div>\n<\/div>\n<\/div>\n<\/div>\n\n\n\n<div class=\"wp-block-columns is-layout-flex wp-container-core-columns-is-layout-2 wp-block-columns-is-layout-flex\">\n<div class=\"wp-block-column is-vertically-aligned-stretch is-layout-flow wp-block-column-is-layout-flow\">\n<p class=\"has-text-align-center\"><strong><em><mark style=\"background-color:rgba(0, 0, 0, 0)\" class=\"has-inline-color has-vivid-red-color\">Stor Perde Y\u0131kama<\/mark><\/em><\/strong><\/p>\n\n\n\n<blockquote>\n<p>K\u0131\u015f aylar\u0131n\u0131n gelmesi ile birlikte kad\u0131nlar\u0131 b\u00fcy\u00fck bir temizlik tela\u015f\u0131 sarmaktad\u0131r. Bu tela\u015f aras\u0131nda en \u00e7ok \u00f6nem verilen ise hi\u00e7 \u015f\u00fcphesiz ki yorganlar\u0131n temizlenmesi ve k\u0131\u015f i\u00e7in haz\u0131r olmas\u0131d\u0131r.<\/p>\n<\/blockquote>\n\n\n\n<div class=\"wp-block-buttons alignfull is-content-justification-center is-layout-flex wp-container-core-buttons-is-layout-3 wp-block-buttons-is-layout-flex\">\n<div class=\"wp-block-button is-style-fill\"><a class=\"wp-block-button__link wp-element-button\" href=\"https:\/\/xn--eskiehirhaliyikama-gqd.com\/\">Devam\u0131n\u0131 Oku<\/a><\/div>\n<\/div>\n<\/div>\n\n\n\n<div class=\"wp-block-column is-layout-flow wp-block-column-is-layout-flow\">\n<p class=\"has-text-align-center\"><strong><em><mark style=\"background-color:rgba(0, 0, 0, 0)\" class=\"has-inline-color has-vivid-red-color\">Koltuk Y\u0131kama<\/mark><\/em><\/strong><\/p>\n\n\n\n<blockquote>\n<p>Ki\u015filerin kaliteli ve rahat bir hayat s\u00fcrebilmeleri i\u00e7in kulland\u0131klar\u0131 yataklara b\u00fcy\u00fck bir \u00f6nem vermeleri gerekmektedir.<\/p>\n<\/blockquote>\n\n\n\n<div class=\"wp-block-buttons alignfull is-content-justification-center is-layout-flex wp-container-core-buttons-is-layout-4 wp-block-buttons-is-layout-flex\">\n<div class=\"wp-block-button is-style-fill\"><a class=\"wp-block-button__link wp-element-button\" href=\"http:\/\/eskisehirhanimelihaliyikama.com\/?page_id=698\">Devam\u0131n\u0131 Oku<\/a><\/div>\n<\/div>\n<\/div>\n<\/div>\n\n\n\n<div class=\"wp-block-columns is-layout-flex wp-container-core-columns-is-layout-3 wp-block-columns-is-layout-flex\">\n<div class=\"wp-block-column is-vertically-aligned-stretch is-layout-flow wp-block-column-is-layout-flow\">\n<p class=\"has-text-align-center\"><strong><em><mark style=\"background-color:rgba(0, 0, 0, 0)\" class=\"has-inline-color has-vivid-red-color\">Koltuk Y\u0131kama<\/mark><\/em><\/strong><\/p>\n\n\n\n<blockquote>\n<p>Her g\u00fcn defalar kullan\u0131lan ve hemen her yerde bulunan koltuklar\u0131n temiz olmas\u0131, ki\u015filerin sa\u011fl\u0131klar\u0131 a\u00e7\u0131s\u0131ndan son derece \u00f6nemlidir. \u0130\u015f yerlerinde ya da evlerde bulunan bu koltuklar\u0131n s\u00fcrekli olarak kullan\u0131lmas\u0131 ile birlikte kirlenmesi de olduk\u00e7a k\u0131sa s\u00fcrede ger\u00e7ekle\u015febilmektedir<\/p>\n<\/blockquote>\n\n\n\n<div class=\"wp-block-buttons alignfull is-content-justification-center is-layout-flex wp-container-core-buttons-is-layout-5 wp-block-buttons-is-layout-flex\">\n<div class=\"wp-block-button is-style-fill\"><a class=\"wp-block-button__link wp-element-button\" href=\"https:\/\/xn--eskiehirhaliyikama-gqd.com\/\">Devam\u0131n\u0131 Oku<\/a><\/div>\n<\/div>\n<\/div>\n\n\n\n<div class=\"wp-block-column is-layout-flow wp-block-column-is-layout-flow\">\n<p class=\"has-text-align-center\"><strong><em><mark style=\"background-color:rgba(0, 0, 0, 0)\" class=\"has-inline-color has-vivid-red-color\">Hal\u0131 Y\u0131kama<\/mark><\/em><\/strong><\/p>\n\n\n\n<blockquote>\n<p>Evlerde, i\u015f yerlerinde ve daha bir\u00e7ok yerde s\u00fcrekli olarak kullan\u0131lan hal\u0131lar\u0131n d\u00fczenli olarak temizlenmesi ki\u015filerin sa\u011fl\u0131klar\u0131 a\u00e7\u0131s\u0131ndan bir hayli b\u00fcy\u00fck bir \u00f6nem ta\u015f\u0131maktad\u0131r.<\/p>\n<\/blockquote>\n\n\n\n<div class=\"wp-block-buttons alignfull is-content-justification-center is-layout-flex wp-container-core-buttons-is-layout-6 wp-block-buttons-is-layout-flex\">\n<div class=\"wp-block-button is-style-fill\"><a class=\"wp-block-button__link wp-element-button\" href=\"https:\/\/xn--eskiehirhaliyikama-gqd.com\/\">Devam\u0131n\u0131 Oku<\/a><\/div>\n<\/div>\n<\/div>\n<\/div>\n\n\n\n<p><\/p>\n","protected":false},"excerpt":{"rendered":"<p>Yorgan Y\u0131kama K\u0131\u015f aylar\u0131n\u0131n gelmesi ile birlikte kad\u0131nlar\u0131 b\u00fcy\u00fck bir temizlik tela\u015f\u0131 sarmaktad\u0131r. Bu tela\u015f aras\u0131nda en \u00e7ok \u00f6nem verilen ise hi\u00e7 \u015f\u00fcphesiz ki yorganlar\u0131n temizlenmesi ve k\u0131\u015f i\u00e7in haz\u0131r olmas\u0131d\u0131r. Yatak Y\u0131kama Ki\u015filerin kaliteli ve rahat bir hayat s\u00fcrebilmeleri i\u00e7in kulland\u0131klar\u0131 yataklara b\u00fcy\u00fck bir \u00f6nem vermeleri gerekmektedir. Stor Perde Y\u0131kama K\u0131\u015f aylar\u0131n\u0131n gelmesi ile &hellip; <\/p>\n<p class=\"link-more\"><a href=\"https:\/\/xn--eskiehirhaliyikama-gqd.com\/?page_id=640\" class=\"more-link\">Okumaya devam et<span class=\"screen-reader-text\"> &#8220;Hizmetlerimiz&#8221;<\/span><\/a><\/p>\n","protected":false},"author":1,"featured_media":0,"parent":0,"menu_order":0,"comment_status":"closed","ping_status":"closed","template":"","meta":{"footnotes":""},"class_list":["post-640","page","type-page","status-publish","hentry"],"yoast_head":"<!-- This site is optimized with the Yoast SEO plugin v24.1 - https:\/\/yoast.com\/wordpress\/plugins\/seo\/ -->\n<title>Hizmetlerimiz - G\u00d6KHAN BEY HALI YIKAMA<\/title>\n<meta name=\"robots\" content=\"index, follow, max-snippet:-1, max-image-preview:large, max-video-preview:-1\" \/>\n<link rel=\"canonical\" href=\"https:\/\/xn--eskiehirhaliyikama-gqd.com\/?page_id=640\" \/>\n<meta property=\"og:locale\" content=\"tr_TR\" \/>\n<meta property=\"og:type\" content=\"article\" \/>\n<meta property=\"og:title\" content=\"Hizmetlerimiz - G\u00d6KHAN BEY HALI YIKAMA\" \/>\n<meta property=\"og:description\" content=\"Yorgan Y\u0131kama K\u0131\u015f aylar\u0131n\u0131n gelmesi ile birlikte kad\u0131nlar\u0131 b\u00fcy\u00fck bir temizlik tela\u015f\u0131 sarmaktad\u0131r. Bu tela\u015f aras\u0131nda en \u00e7ok \u00f6nem verilen ise hi\u00e7 \u015f\u00fcphesiz ki yorganlar\u0131n temizlenmesi ve k\u0131\u015f i\u00e7in haz\u0131r olmas\u0131d\u0131r. Yatak Y\u0131kama Ki\u015filerin kaliteli ve rahat bir hayat s\u00fcrebilmeleri i\u00e7in kulland\u0131klar\u0131 yataklara b\u00fcy\u00fck bir \u00f6nem vermeleri gerekmektedir. Stor Perde Y\u0131kama K\u0131\u015f aylar\u0131n\u0131n gelmesi ile &hellip; Okumaya devam et &quot;Hizmetlerimiz&quot;\" \/>\n<meta property=\"og:url\" content=\"https:\/\/xn--eskiehirhaliyikama-gqd.com\/?page_id=640\" \/>\n<meta property=\"og:site_name\" content=\"G\u00d6KHAN BEY HALI YIKAMA\" \/>\n<meta property=\"article:modified_time\" content=\"2024-12-23T20:14:07+00:00\" \/>\n<meta name=\"twitter:card\" content=\"summary_large_image\" \/>\n<meta name=\"twitter:label1\" content=\"Tahmini okuma s\u00fcresi\" \/>\n\t<meta name=\"twitter:data1\" content=\"1 dakika\" \/>\n<script type=\"application\/ld+json\" class=\"yoast-schema-graph\">{\"@context\":\"https:\/\/schema.org\",\"@graph\":[{\"@type\":\"WebPage\",\"@id\":\"https:\/\/xn--eskiehirhaliyikama-gqd.com\/?page_id=640\",\"url\":\"https:\/\/xn--eskiehirhaliyikama-gqd.com\/?page_id=640\",\"name\":\"Hizmetlerimiz - G\u00d6KHAN BEY HALI YIKAMA\",\"isPartOf\":{\"@id\":\"https:\/\/xn--eskiehirhaliyikama-gqd.com\/#website\"},\"datePublished\":\"2023-12-09T15:33:48+00:00\",\"dateModified\":\"2024-12-23T20:14:07+00:00\",\"breadcrumb\":{\"@id\":\"https:\/\/xn--eskiehirhaliyikama-gqd.com\/?page_id=640#breadcrumb\"},\"inLanguage\":\"tr\",\"potentialAction\":[{\"@type\":\"ReadAction\",\"target\":[\"https:\/\/xn--eskiehirhaliyikama-gqd.com\/?page_id=640\"]}]},{\"@type\":\"BreadcrumbList\",\"@id\":\"https:\/\/xn--eskiehirhaliyikama-gqd.com\/?page_id=640#breadcrumb\",\"itemListElement\":[{\"@type\":\"ListItem\",\"position\":1,\"name\":\"Anasayfa\",\"item\":\"https:\/\/xn--eskiehirhaliyikama-gqd.com\/\"},{\"@type\":\"ListItem\",\"position\":2,\"name\":\"Hizmetlerimiz\"}]},{\"@type\":\"WebSite\",\"@id\":\"https:\/\/xn--eskiehirhaliyikama-gqd.com\/#website\",\"url\":\"https:\/\/xn--eskiehirhaliyikama-gqd.com\/\",\"name\":\"G\u00d6KHAN BEY HALI YIKAMA\",\"description\":\"eskisehirhaliyikama.com\",\"publisher\":{\"@id\":\"https:\/\/xn--eskiehirhaliyikama-gqd.com\/#organization\"},\"potentialAction\":[{\"@type\":\"SearchAction\",\"target\":{\"@type\":\"EntryPoint\",\"urlTemplate\":\"https:\/\/xn--eskiehirhaliyikama-gqd.com\/?s={search_term_string}\"},\"query-input\":{\"@type\":\"PropertyValueSpecification\",\"valueRequired\":true,\"valueName\":\"search_term_string\"}}],\"inLanguage\":\"tr\"},{\"@type\":\"Organization\",\"@id\":\"https:\/\/xn--eskiehirhaliyikama-gqd.com\/#organization\",\"name\":\"G\u00d6KHAN BEY HALI YIKAMA\",\"url\":\"https:\/\/xn--eskiehirhaliyikama-gqd.com\/\",\"logo\":{\"@type\":\"ImageObject\",\"inLanguage\":\"tr\",\"@id\":\"https:\/\/xn--eskiehirhaliyikama-gqd.com\/#\/schema\/logo\/image\/\",\"url\":\"https:\/\/xn--eskiehirhaliyikama-gqd.com\/wp-content\/uploads\/2024\/12\/cropped-IMG_20241227_012849.jpg\",\"contentUrl\":\"https:\/\/xn--eskiehirhaliyikama-gqd.com\/wp-content\/uploads\/2024\/12\/cropped-IMG_20241227_012849.jpg\",\"width\":349,\"height\":250,\"caption\":\"G\u00d6KHAN BEY HALI YIKAMA\"},\"image\":{\"@id\":\"https:\/\/xn--eskiehirhaliyikama-gqd.com\/#\/schema\/logo\/image\/\"}}]}<\/script>\n<!-- \/ Yoast SEO plugin. -->","yoast_head_json":{"title":"Hizmetlerimiz - G\u00d6KHAN BEY HALI YIKAMA","robots":{"index":"index","follow":"follow","max-snippet":"max-snippet:-1","max-image-preview":"max-image-preview:large","max-video-preview":"max-video-preview:-1"},"canonical":"https:\/\/xn--eskiehirhaliyikama-gqd.com\/?page_id=640","og_locale":"tr_TR","og_type":"article","og_title":"Hizmetlerimiz - G\u00d6KHAN BEY HALI YIKAMA","og_description":"Yorgan Y\u0131kama K\u0131\u015f aylar\u0131n\u0131n gelmesi ile birlikte kad\u0131nlar\u0131 b\u00fcy\u00fck bir temizlik tela\u015f\u0131 sarmaktad\u0131r. Bu tela\u015f aras\u0131nda en \u00e7ok \u00f6nem verilen ise hi\u00e7 \u015f\u00fcphesiz ki yorganlar\u0131n temizlenmesi ve k\u0131\u015f i\u00e7in haz\u0131r olmas\u0131d\u0131r. Yatak Y\u0131kama Ki\u015filerin kaliteli ve rahat bir hayat s\u00fcrebilmeleri i\u00e7in kulland\u0131klar\u0131 yataklara b\u00fcy\u00fck bir \u00f6nem vermeleri gerekmektedir. Stor Perde Y\u0131kama K\u0131\u015f aylar\u0131n\u0131n gelmesi ile &hellip; Okumaya devam et \"Hizmetlerimiz\"","og_url":"https:\/\/xn--eskiehirhaliyikama-gqd.com\/?page_id=640","og_site_name":"G\u00d6KHAN BEY HALI YIKAMA","article_modified_time":"2024-12-23T20:14:07+00:00","twitter_card":"summary_large_image","twitter_misc":{"Tahmini okuma s\u00fcresi":"1 dakika"},"schema":{"@context":"https:\/\/schema.org","@graph":[{"@type":"WebPage","@id":"https:\/\/xn--eskiehirhaliyikama-gqd.com\/?page_id=640","url":"https:\/\/xn--eskiehirhaliyikama-gqd.com\/?page_id=640","name":"Hizmetlerimiz - G\u00d6KHAN BEY HALI YIKAMA","isPartOf":{"@id":"https:\/\/xn--eskiehirhaliyikama-gqd.com\/#website"},"datePublished":"2023-12-09T15:33:48+00:00","dateModified":"2024-12-23T20:14:07+00:00","breadcrumb":{"@id":"https:\/\/xn--eskiehirhaliyikama-gqd.com\/?page_id=640#breadcrumb"},"inLanguage":"tr","potentialAction":[{"@type":"ReadAction","target":["https:\/\/xn--eskiehirhaliyikama-gqd.com\/?page_id=640"]}]},{"@type":"BreadcrumbList","@id":"https:\/\/xn--eskiehirhaliyikama-gqd.com\/?page_id=640#breadcrumb","itemListElement":[{"@type":"ListItem","position":1,"name":"Anasayfa","item":"https:\/\/xn--eskiehirhaliyikama-gqd.com\/"},{"@type":"ListItem","position":2,"name":"Hizmetlerimiz"}]},{"@type":"WebSite","@id":"https:\/\/xn--eskiehirhaliyikama-gqd.com\/#website","url":"https:\/\/xn--eskiehirhaliyikama-gqd.com\/","name":"G\u00d6KHAN BEY HALI YIKAMA","description":"eskisehirhaliyikama.com","publisher":{"@id":"https:\/\/xn--eskiehirhaliyikama-gqd.com\/#organization"},"potentialAction":[{"@type":"SearchAction","target":{"@type":"EntryPoint","urlTemplate":"https:\/\/xn--eskiehirhaliyikama-gqd.com\/?s={search_term_string}"},"query-input":{"@type":"PropertyValueSpecification","valueRequired":true,"valueName":"search_term_string"}}],"inLanguage":"tr"},{"@type":"Organization","@id":"https:\/\/xn--eskiehirhaliyikama-gqd.com\/#organization","name":"G\u00d6KHAN BEY HALI YIKAMA","url":"https:\/\/xn--eskiehirhaliyikama-gqd.com\/","logo":{"@type":"ImageObject","inLanguage":"tr","@id":"https:\/\/xn--eskiehirhaliyikama-gqd.com\/#\/schema\/logo\/image\/","url":"https:\/\/xn--eskiehirhaliyikama-gqd.com\/wp-content\/uploads\/2024\/12\/cropped-IMG_20241227_012849.jpg","contentUrl":"https:\/\/xn--eskiehirhaliyikama-gqd.com\/wp-content\/uploads\/2024\/12\/cropped-IMG_20241227_012849.jpg","width":349,"height":250,"caption":"G\u00d6KHAN BEY HALI YIKAMA"},"image":{"@id":"https:\/\/xn--eskiehirhaliyikama-gqd.com\/#\/schema\/logo\/image\/"}}]}},"_links":{"self":[{"href":"https:\/\/xn--eskiehirhaliyikama-gqd.com\/index.php?rest_route=\/wp\/v2\/pages\/640","targetHints":{"allow":["GET"]}}],"collection":[{"href":"https:\/\/xn--eskiehirhaliyikama-gqd.com\/index.php?rest_route=\/wp\/v2\/pages"}],"about":[{"href":"https:\/\/xn--eskiehirhaliyikama-gqd.com\/index.php?rest_route=\/wp\/v2\/types\/page"}],"author":[{"embeddable":true,"href":"https:\/\/xn--eskiehirhaliyikama-gqd.com\/index.php?rest_route=\/wp\/v2\/users\/1"}],"replies":[{"embeddable":true,"href":"https:\/\/xn--eskiehirhaliyikama-gqd.com\/index.php?rest_route=%2Fwp%2Fv2%2Fcomments&post=640"}],"version-history":[{"count":31,"href":"https:\/\/xn--eskiehirhaliyikama-gqd.com\/index.php?rest_route=\/wp\/v2\/pages\/640\/revisions"}],"predecessor-version":[{"id":930,"href":"https:\/\/xn--eskiehirhaliyikama-gqd.com\/index.php?rest_route=\/wp\/v2\/pages\/640\/revisions\/930"}],"wp:attachment":[{"href":"https:\/\/xn--eskiehirhaliyikama-gqd.com\/index.php?rest_route=%2Fwp%2Fv2%2Fmedia&parent=640"}],"curies":[{"name":"wp","href":"https:\/\/api.w.org\/{rel}","templated":true}]}}